{"id":27,"date":"2017-07-07T12:37:10","date_gmt":"2017-07-07T10:37:10","guid":{"rendered":"https:\/\/www.digidi.cc\/wp\/?page_id=27"},"modified":"2019-12-17T08:30:12","modified_gmt":"2019-12-17T07:30:12","slug":"multimedia","status":"publish","type":"page","link":"https:\/\/www.digidi.cc\/wp\/de\/multimedia\/","title":{"rendered":"Mediendesign"},"content":{"rendered":"<p>Egal, ob Sie Ihre KundInnen mit einer multimedialen Pr\u00e4sentation \u00fcberraschen wollen, ob Sie neue Visitenkarten, Produktfotos oder Annoncen brauchen: Wir spielen f\u00fcr Sie auf dem Medienklavier.<\/p>\n","protected":false},"excerpt":{"rendered":"<p>Egal, ob Sie Ihre KundInnen mit einer multimedialen Pr\u00e4sentation \u00fcberraschen wollen, ob Sie neue Visitenkarten, Produktfotos oder Annoncen brauchen: Wir spielen f\u00fcr Sie auf dem Medienklavier.<\/p>\n","protected":false},"author":1,"featured_media":0,"parent":0,"menu_order":0,"comment_status":"closed","ping_status":"closed","template":"","meta":{"_acf_changed":false,"footnotes":""},"class_list":["post-27","page","type-page","status-publish","hentry"],"acf":[],"yoast_head":"<!-- This site is optimized with the Yoast SEO plugin v27.3 - https:\/\/yoast.com\/product\/yoast-seo-wordpress\/ -->\n<title>Mediendesign &#171; Digitale Dienstleistungen - Barbara Pauzenberger<\/title>\n<meta name=\"description\" content=\"Egal ob Multimediale Pr\u00e4sentationen, Visitenkarten, Produktfotos oder Annoncen - wir spielen f\u00fcr Sie auf dem Medienklavier.\" \/>\n<meta name=\"robots\" content=\"index, follow, max-snippet:-1, max-image-preview:large, max-video-preview:-1\" \/>\n<link rel=\"canonical\" href=\"https:\/\/www.digidi.cc\/wp\/de\/multimedia\/\" \/>\n<meta property=\"og:locale\" content=\"de_DE\" \/>\n<meta property=\"og:type\" content=\"article\" \/>\n<meta property=\"og:title\" content=\"Mediendesign &#171; Digitale Dienstleistungen - Barbara Pauzenberger\" \/>\n<meta property=\"og:description\" content=\"Egal ob Multimediale Pr\u00e4sentationen, Visitenkarten, Produktfotos oder Annoncen - wir spielen f\u00fcr Sie auf dem Medienklavier.\" \/>\n<meta property=\"og:url\" content=\"https:\/\/www.digidi.cc\/wp\/de\/multimedia\/\" \/>\n<meta property=\"og:site_name\" content=\"Digitale Dienstleistungen - Barbara Pauzenberger\" \/>\n<meta property=\"article:modified_time\" content=\"2019-12-17T07:30:12+00:00\" \/>\n<meta name=\"twitter:card\" content=\"summary_large_image\" \/>\n<script type=\"application\/ld+json\" class=\"yoast-schema-graph\">{\"@context\":\"https:\\\/\\\/schema.org\",\"@graph\":[{\"@type\":\"WebPage\",\"@id\":\"https:\\\/\\\/www.digidi.cc\\\/wp\\\/de\\\/multimedia\\\/\",\"url\":\"https:\\\/\\\/www.digidi.cc\\\/wp\\\/de\\\/multimedia\\\/\",\"name\":\"Mediendesign &#171; Digitale Dienstleistungen - Barbara Pauzenberger\",\"isPartOf\":{\"@id\":\"https:\\\/\\\/www.digidi.cc\\\/wp\\\/#website\"},\"datePublished\":\"2017-07-07T10:37:10+00:00\",\"dateModified\":\"2019-12-17T07:30:12+00:00\",\"description\":\"Egal ob Multimediale Pr\u00e4sentationen, Visitenkarten, Produktfotos oder Annoncen - wir spielen f\u00fcr Sie auf dem Medienklavier.\",\"breadcrumb\":{\"@id\":\"https:\\\/\\\/www.digidi.cc\\\/wp\\\/de\\\/multimedia\\\/#breadcrumb\"},\"inLanguage\":\"de\",\"potentialAction\":[{\"@type\":\"ReadAction\",\"target\":[\"https:\\\/\\\/www.digidi.cc\\\/wp\\\/de\\\/multimedia\\\/\"]}]},{\"@type\":\"BreadcrumbList\",\"@id\":\"https:\\\/\\\/www.digidi.cc\\\/wp\\\/de\\\/multimedia\\\/#breadcrumb\",\"itemListElement\":[{\"@type\":\"ListItem\",\"position\":1,\"name\":\"Startseite\",\"item\":\"https:\\\/\\\/www.digidi.cc\\\/wp\\\/de\\\/\"},{\"@type\":\"ListItem\",\"position\":2,\"name\":\"Mediendesign\"}]},{\"@type\":\"WebSite\",\"@id\":\"https:\\\/\\\/www.digidi.cc\\\/wp\\\/#website\",\"url\":\"https:\\\/\\\/www.digidi.cc\\\/wp\\\/\",\"name\":\"Digitale Dienstleistungen - Barbara Pauzenberger\",\"description\":\"Softwareentwicklung, Webdesign und Web-Programmierung, Multimedia, Schulungen - professionell, zuverl\u00e4ssig, leistbar\",\"publisher\":{\"@id\":\"https:\\\/\\\/www.digidi.cc\\\/wp\\\/#organization\"},\"potentialAction\":[{\"@type\":\"SearchAction\",\"target\":{\"@type\":\"EntryPoint\",\"urlTemplate\":\"https:\\\/\\\/www.digidi.cc\\\/wp\\\/?s={search_term_string}\"},\"query-input\":{\"@type\":\"PropertyValueSpecification\",\"valueRequired\":true,\"valueName\":\"search_term_string\"}}],\"inLanguage\":\"de\"},{\"@type\":\"Organization\",\"@id\":\"https:\\\/\\\/www.digidi.cc\\\/wp\\\/#organization\",\"name\":\"DIGIDI - Digitale Dienstleistungen\",\"url\":\"https:\\\/\\\/www.digidi.cc\\\/wp\\\/\",\"logo\":{\"@type\":\"ImageObject\",\"inLanguage\":\"de\",\"@id\":\"https:\\\/\\\/www.digidi.cc\\\/wp\\\/#\\\/schema\\\/logo\\\/image\\\/\",\"url\":\"https:\\\/\\\/www.digidi.cc\\\/wp\\\/wp-content\\\/uploads\\\/2018\\\/02\\\/400dpiLogo.png\",\"contentUrl\":\"https:\\\/\\\/www.digidi.cc\\\/wp\\\/wp-content\\\/uploads\\\/2018\\\/02\\\/400dpiLogo.png\",\"width\":2667,\"height\":1611,\"caption\":\"DIGIDI - Digitale Dienstleistungen\"},\"image\":{\"@id\":\"https:\\\/\\\/www.digidi.cc\\\/wp\\\/#\\\/schema\\\/logo\\\/image\\\/\"}}]}<\/script>\n<!-- \/ Yoast SEO plugin. -->","yoast_head_json":{"title":"Mediendesign &#171; Digitale Dienstleistungen - Barbara Pauzenberger","description":"Egal ob Multimediale Pr\u00e4sentationen, Visitenkarten, Produktfotos oder Annoncen - wir spielen f\u00fcr Sie auf dem Medienklavier.","robots":{"index":"index","follow":"follow","max-snippet":"max-snippet:-1","max-image-preview":"max-image-preview:large","max-video-preview":"max-video-preview:-1"},"canonical":"https:\/\/www.digidi.cc\/wp\/de\/multimedia\/","og_locale":"de_DE","og_type":"article","og_title":"Mediendesign &#171; Digitale Dienstleistungen - Barbara Pauzenberger","og_description":"Egal ob Multimediale Pr\u00e4sentationen, Visitenkarten, Produktfotos oder Annoncen - wir spielen f\u00fcr Sie auf dem Medienklavier.","og_url":"https:\/\/www.digidi.cc\/wp\/de\/multimedia\/","og_site_name":"Digitale Dienstleistungen - Barbara Pauzenberger","article_modified_time":"2019-12-17T07:30:12+00:00","twitter_card":"summary_large_image","schema":{"@context":"https:\/\/schema.org","@graph":[{"@type":"WebPage","@id":"https:\/\/www.digidi.cc\/wp\/de\/multimedia\/","url":"https:\/\/www.digidi.cc\/wp\/de\/multimedia\/","name":"Mediendesign &#171; Digitale Dienstleistungen - Barbara Pauzenberger","isPartOf":{"@id":"https:\/\/www.digidi.cc\/wp\/#website"},"datePublished":"2017-07-07T10:37:10+00:00","dateModified":"2019-12-17T07:30:12+00:00","description":"Egal ob Multimediale Pr\u00e4sentationen, Visitenkarten, Produktfotos oder Annoncen - wir spielen f\u00fcr Sie auf dem Medienklavier.","breadcrumb":{"@id":"https:\/\/www.digidi.cc\/wp\/de\/multimedia\/#breadcrumb"},"inLanguage":"de","potentialAction":[{"@type":"ReadAction","target":["https:\/\/www.digidi.cc\/wp\/de\/multimedia\/"]}]},{"@type":"BreadcrumbList","@id":"https:\/\/www.digidi.cc\/wp\/de\/multimedia\/#breadcrumb","itemListElement":[{"@type":"ListItem","position":1,"name":"Startseite","item":"https:\/\/www.digidi.cc\/wp\/de\/"},{"@type":"ListItem","position":2,"name":"Mediendesign"}]},{"@type":"WebSite","@id":"https:\/\/www.digidi.cc\/wp\/#website","url":"https:\/\/www.digidi.cc\/wp\/","name":"Digitale Dienstleistungen - Barbara Pauzenberger","description":"Softwareentwicklung, Webdesign und Web-Programmierung, Multimedia, Schulungen - professionell, zuverl\u00e4ssig, leistbar","publisher":{"@id":"https:\/\/www.digidi.cc\/wp\/#organization"},"potentialAction":[{"@type":"SearchAction","target":{"@type":"EntryPoint","urlTemplate":"https:\/\/www.digidi.cc\/wp\/?s={search_term_string}"},"query-input":{"@type":"PropertyValueSpecification","valueRequired":true,"valueName":"search_term_string"}}],"inLanguage":"de"},{"@type":"Organization","@id":"https:\/\/www.digidi.cc\/wp\/#organization","name":"DIGIDI - Digitale Dienstleistungen","url":"https:\/\/www.digidi.cc\/wp\/","logo":{"@type":"ImageObject","inLanguage":"de","@id":"https:\/\/www.digidi.cc\/wp\/#\/schema\/logo\/image\/","url":"https:\/\/www.digidi.cc\/wp\/wp-content\/uploads\/2018\/02\/400dpiLogo.png","contentUrl":"https:\/\/www.digidi.cc\/wp\/wp-content\/uploads\/2018\/02\/400dpiLogo.png","width":2667,"height":1611,"caption":"DIGIDI - Digitale Dienstleistungen"},"image":{"@id":"https:\/\/www.digidi.cc\/wp\/#\/schema\/logo\/image\/"}}]}},"_links":{"self":[{"href":"https:\/\/www.digidi.cc\/wp\/wp-json\/wp\/v2\/pages\/27","targetHints":{"allow":["GET"]}}],"collection":[{"href":"https:\/\/www.digidi.cc\/wp\/wp-json\/wp\/v2\/pages"}],"about":[{"href":"https:\/\/www.digidi.cc\/wp\/wp-json\/wp\/v2\/types\/page"}],"author":[{"embeddable":true,"href":"https:\/\/www.digidi.cc\/wp\/wp-json\/wp\/v2\/users\/1"}],"replies":[{"embeddable":true,"href":"https:\/\/www.digidi.cc\/wp\/wp-json\/wp\/v2\/comments?post=27"}],"version-history":[{"count":0,"href":"https:\/\/www.digidi.cc\/wp\/wp-json\/wp\/v2\/pages\/27\/revisions"}],"wp:attachment":[{"href":"https:\/\/www.digidi.cc\/wp\/wp-json\/wp\/v2\/media?parent=27"}],"curies":[{"name":"wp","href":"https:\/\/api.w.org\/{rel}","templated":true}]}}