{"id":11,"date":"2017-07-07T12:32:41","date_gmt":"2017-07-07T10:32:41","guid":{"rendered":"https:\/\/www.digidi.cc\/wp\/?page_id=11"},"modified":"2019-12-10T13:29:02","modified_gmt":"2019-12-10T12:29:02","slug":"entwicklung","status":"publish","type":"page","link":"https:\/\/www.digidi.cc\/wp\/de\/software\/entwicklung\/","title":{"rendered":"Entwicklung"},"content":{"rendered":"\n<div class=\"wp-block-columns is-layout-flex wp-container-core-columns-is-layout-9d6595d7 wp-block-columns-is-layout-flex\">\n<div class=\"wp-block-column is-layout-flow wp-block-column-is-layout-flow\">\n<p>Es scheint bereits f\u00fcr jedes Problem eine geeignete Softwarel\u00f6sung am Markt zu geben. Und doch erfordern manche Aufgabenstellungen die Umsetzung im Rahmen einer individuellen Anwendung bzw. die Erweiterung einer bestehenden Softwarelandschaft.<\/p>\n<p>Vielfach zeigt aber auch schon eine kurze Analysephase den Weg zu <u>g\u00fcnstigen<\/u>, einfach umzusetzenden <u>Alternativl\u00f6sungen<\/u>.<\/p>\n<p><strong>Wir beraten Sie gerne und helfen Ihnen bei der Umsetzung!<\/strong><\/p>\n<p>Eine gr\u00fcndliche <u>Bestandsaufnahme<\/u> des IST-Zustands ist f\u00fcr uns ebenso selbstverst\u00e4ndlich wie die genaue <u>Analyse der Anforderungen<\/u>. Wir beraten Sie vorab bei der Wahl der optimalen Technologie ebenso wie bei der Ersteinf\u00fchrung neuer Software im Betrieb und eventuell notwendigen Schulungen.<\/p>\n<\/div>\n\n\n\n<div class=\"wp-block-column is-layout-flow wp-block-column-is-layout-flow\">\n<p>Bei allen Etappen zum gesetzten Anwendungsziel ist uns <u>Ihr Vorteil<\/u> das Wichtigste: Benutzbarkeit und Leistung m\u00fcssen ebenso stimmen wie Erstellungs- und nachfolgende Wartungskosten.<\/p>\n<p>Wenn Sie sich entschlie\u00dfen, Ihre Wunschanwendung bei uns ma\u00dfschneidern zu lassen, so k\u00f6nnen Sie sicher sein, beste Software zum bestm\u00f6glichen Preis zu erhalten: Unsere <u>langj\u00e4hrige Erfahrung<\/u> in der Implementierung von verschiedensten Anwendungen sorgt f\u00fcr <u>niedrige Entwicklungskosten<\/u> durch kurze Entwicklungszeiten.<\/p>\n<p>Jede von uns erstellte Anwendung ist modular aus m\u00f6glichst wiederverwendbaren Komponenten aufgebaut, was sowohl Erweiterungen der Software erleichtert als auch den Zeitaufwand f\u00fcr notwendige Umbauten stark verk\u00fcrzt. Letztendlich hilft unser \u00dcberblick \u00fcber <u>kostenlose Open-Source-Komponenten<\/u> vielfach, den Ankauf teurer Lizenzen zu vermeiden.<\/p>\n<\/div>\n<\/div>\n","protected":false},"excerpt":{"rendered":"<p>Es scheint bereits f\u00fcr jedes Problem eine geeignete Softwarel\u00f6sung am Markt zu geben. Und doch erfordern manche Aufgabenstellungen die Umsetzung im Rahmen einer individuellen Anwendung bzw. die Erweiterung einer bestehenden Softwarelandschaft. Vielfach zeigt aber auch schon eine kurze Analysephase den Weg zu g\u00fcnstigen, einfach umzusetzenden Alternativl\u00f6sungen. Wir beraten Sie gerne und helfen Ihnen bei der [&hellip;]<\/p>\n","protected":false},"author":1,"featured_media":0,"parent":9,"menu_order":10,"comment_status":"closed","ping_status":"closed","template":"","meta":{"_acf_changed":false,"footnotes":""},"class_list":["post-11","page","type-page","status-publish","hentry"],"acf":[],"yoast_head":"<!-- This site is optimized with the Yoast SEO plugin v27.5 - https:\/\/yoast.com\/product\/yoast-seo-wordpress\/ -->\n<title>Software-Entwicklung &#171; Digitale Dienstleistungen - Barbara Pauzenberger<\/title>\n<meta name=\"description\" content=\"Manche Aufgabenstellungen erfordern die Umsetzung im Rahmen einer individuellen Anwendung bzw. die Erweiterung einer bestehenden Softwarelandschaft.\" \/>\n<meta name=\"robots\" content=\"index, follow, max-snippet:-1, max-image-preview:large, max-video-preview:-1\" \/>\n<link rel=\"canonical\" href=\"https:\/\/www.digidi.cc\/wp\/de\/software\/entwicklung\/\" \/>\n<meta property=\"og:locale\" content=\"de_DE\" \/>\n<meta property=\"og:type\" content=\"article\" \/>\n<meta property=\"og:title\" content=\"Software-Entwicklung &#171; Digitale Dienstleistungen - Barbara Pauzenberger\" \/>\n<meta property=\"og:description\" content=\"Manche Aufgabenstellungen erfordern die Umsetzung im Rahmen einer individuellen Anwendung bzw. die Erweiterung einer bestehenden Softwarelandschaft.\" \/>\n<meta property=\"og:url\" content=\"https:\/\/www.digidi.cc\/wp\/de\/software\/entwicklung\/\" \/>\n<meta property=\"og:site_name\" content=\"Digitale Dienstleistungen - Barbara Pauzenberger\" \/>\n<meta property=\"article:modified_time\" content=\"2019-12-10T12:29:02+00:00\" \/>\n<meta name=\"twitter:card\" content=\"summary_large_image\" \/>\n<meta name=\"twitter:label1\" content=\"Gesch\u00e4tzte Lesezeit\" \/>\n\t<meta name=\"twitter:data1\" content=\"1\u00a0Minute\" \/>\n<script type=\"application\/ld+json\" class=\"yoast-schema-graph\">{\"@context\":\"https:\\\/\\\/schema.org\",\"@graph\":[{\"@type\":\"WebPage\",\"@id\":\"https:\\\/\\\/www.digidi.cc\\\/wp\\\/de\\\/software\\\/entwicklung\\\/\",\"url\":\"https:\\\/\\\/www.digidi.cc\\\/wp\\\/de\\\/software\\\/entwicklung\\\/\",\"name\":\"Software-Entwicklung &#171; Digitale Dienstleistungen - Barbara Pauzenberger\",\"isPartOf\":{\"@id\":\"https:\\\/\\\/www.digidi.cc\\\/wp\\\/#website\"},\"datePublished\":\"2017-07-07T10:32:41+00:00\",\"dateModified\":\"2019-12-10T12:29:02+00:00\",\"description\":\"Manche Aufgabenstellungen erfordern die Umsetzung im Rahmen einer individuellen Anwendung bzw. die Erweiterung einer bestehenden Softwarelandschaft.\",\"breadcrumb\":{\"@id\":\"https:\\\/\\\/www.digidi.cc\\\/wp\\\/de\\\/software\\\/entwicklung\\\/#breadcrumb\"},\"inLanguage\":\"de\",\"potentialAction\":[{\"@type\":\"ReadAction\",\"target\":[\"https:\\\/\\\/www.digidi.cc\\\/wp\\\/de\\\/software\\\/entwicklung\\\/\"]}]},{\"@type\":\"BreadcrumbList\",\"@id\":\"https:\\\/\\\/www.digidi.cc\\\/wp\\\/de\\\/software\\\/entwicklung\\\/#breadcrumb\",\"itemListElement\":[{\"@type\":\"ListItem\",\"position\":1,\"name\":\"Startseite\",\"item\":\"https:\\\/\\\/www.digidi.cc\\\/wp\\\/de\\\/\"},{\"@type\":\"ListItem\",\"position\":2,\"name\":\"Software\",\"item\":\"https:\\\/\\\/www.digidi.cc\\\/wp\\\/de\\\/software\\\/\"},{\"@type\":\"ListItem\",\"position\":3,\"name\":\"Entwicklung\"}]},{\"@type\":\"WebSite\",\"@id\":\"https:\\\/\\\/www.digidi.cc\\\/wp\\\/#website\",\"url\":\"https:\\\/\\\/www.digidi.cc\\\/wp\\\/\",\"name\":\"Digitale Dienstleistungen - Barbara Pauzenberger\",\"description\":\"Softwareentwicklung, Webdesign und Web-Programmierung, Multimedia, Schulungen - professionell, zuverl\u00e4ssig, leistbar\",\"publisher\":{\"@id\":\"https:\\\/\\\/www.digidi.cc\\\/wp\\\/#organization\"},\"potentialAction\":[{\"@type\":\"SearchAction\",\"target\":{\"@type\":\"EntryPoint\",\"urlTemplate\":\"https:\\\/\\\/www.digidi.cc\\\/wp\\\/?s={search_term_string}\"},\"query-input\":{\"@type\":\"PropertyValueSpecification\",\"valueRequired\":true,\"valueName\":\"search_term_string\"}}],\"inLanguage\":\"de\"},{\"@type\":\"Organization\",\"@id\":\"https:\\\/\\\/www.digidi.cc\\\/wp\\\/#organization\",\"name\":\"DIGIDI - Digitale Dienstleistungen\",\"url\":\"https:\\\/\\\/www.digidi.cc\\\/wp\\\/\",\"logo\":{\"@type\":\"ImageObject\",\"inLanguage\":\"de\",\"@id\":\"https:\\\/\\\/www.digidi.cc\\\/wp\\\/#\\\/schema\\\/logo\\\/image\\\/\",\"url\":\"https:\\\/\\\/www.digidi.cc\\\/wp\\\/wp-content\\\/uploads\\\/2018\\\/02\\\/400dpiLogo.png\",\"contentUrl\":\"https:\\\/\\\/www.digidi.cc\\\/wp\\\/wp-content\\\/uploads\\\/2018\\\/02\\\/400dpiLogo.png\",\"width\":2667,\"height\":1611,\"caption\":\"DIGIDI - Digitale Dienstleistungen\"},\"image\":{\"@id\":\"https:\\\/\\\/www.digidi.cc\\\/wp\\\/#\\\/schema\\\/logo\\\/image\\\/\"}}]}<\/script>\n<!-- \/ Yoast SEO plugin. -->","yoast_head_json":{"title":"Software-Entwicklung &#171; Digitale Dienstleistungen - Barbara Pauzenberger","description":"Manche Aufgabenstellungen erfordern die Umsetzung im Rahmen einer individuellen Anwendung bzw. die Erweiterung einer bestehenden Softwarelandschaft.","robots":{"index":"index","follow":"follow","max-snippet":"max-snippet:-1","max-image-preview":"max-image-preview:large","max-video-preview":"max-video-preview:-1"},"canonical":"https:\/\/www.digidi.cc\/wp\/de\/software\/entwicklung\/","og_locale":"de_DE","og_type":"article","og_title":"Software-Entwicklung &#171; Digitale Dienstleistungen - Barbara Pauzenberger","og_description":"Manche Aufgabenstellungen erfordern die Umsetzung im Rahmen einer individuellen Anwendung bzw. die Erweiterung einer bestehenden Softwarelandschaft.","og_url":"https:\/\/www.digidi.cc\/wp\/de\/software\/entwicklung\/","og_site_name":"Digitale Dienstleistungen - Barbara Pauzenberger","article_modified_time":"2019-12-10T12:29:02+00:00","twitter_card":"summary_large_image","twitter_misc":{"Gesch\u00e4tzte Lesezeit":"1\u00a0Minute"},"schema":{"@context":"https:\/\/schema.org","@graph":[{"@type":"WebPage","@id":"https:\/\/www.digidi.cc\/wp\/de\/software\/entwicklung\/","url":"https:\/\/www.digidi.cc\/wp\/de\/software\/entwicklung\/","name":"Software-Entwicklung &#171; Digitale Dienstleistungen - Barbara Pauzenberger","isPartOf":{"@id":"https:\/\/www.digidi.cc\/wp\/#website"},"datePublished":"2017-07-07T10:32:41+00:00","dateModified":"2019-12-10T12:29:02+00:00","description":"Manche Aufgabenstellungen erfordern die Umsetzung im Rahmen einer individuellen Anwendung bzw. die Erweiterung einer bestehenden Softwarelandschaft.","breadcrumb":{"@id":"https:\/\/www.digidi.cc\/wp\/de\/software\/entwicklung\/#breadcrumb"},"inLanguage":"de","potentialAction":[{"@type":"ReadAction","target":["https:\/\/www.digidi.cc\/wp\/de\/software\/entwicklung\/"]}]},{"@type":"BreadcrumbList","@id":"https:\/\/www.digidi.cc\/wp\/de\/software\/entwicklung\/#breadcrumb","itemListElement":[{"@type":"ListItem","position":1,"name":"Startseite","item":"https:\/\/www.digidi.cc\/wp\/de\/"},{"@type":"ListItem","position":2,"name":"Software","item":"https:\/\/www.digidi.cc\/wp\/de\/software\/"},{"@type":"ListItem","position":3,"name":"Entwicklung"}]},{"@type":"WebSite","@id":"https:\/\/www.digidi.cc\/wp\/#website","url":"https:\/\/www.digidi.cc\/wp\/","name":"Digitale Dienstleistungen - Barbara Pauzenberger","description":"Softwareentwicklung, Webdesign und Web-Programmierung, Multimedia, Schulungen - professionell, zuverl\u00e4ssig, leistbar","publisher":{"@id":"https:\/\/www.digidi.cc\/wp\/#organization"},"potentialAction":[{"@type":"SearchAction","target":{"@type":"EntryPoint","urlTemplate":"https:\/\/www.digidi.cc\/wp\/?s={search_term_string}"},"query-input":{"@type":"PropertyValueSpecification","valueRequired":true,"valueName":"search_term_string"}}],"inLanguage":"de"},{"@type":"Organization","@id":"https:\/\/www.digidi.cc\/wp\/#organization","name":"DIGIDI - Digitale Dienstleistungen","url":"https:\/\/www.digidi.cc\/wp\/","logo":{"@type":"ImageObject","inLanguage":"de","@id":"https:\/\/www.digidi.cc\/wp\/#\/schema\/logo\/image\/","url":"https:\/\/www.digidi.cc\/wp\/wp-content\/uploads\/2018\/02\/400dpiLogo.png","contentUrl":"https:\/\/www.digidi.cc\/wp\/wp-content\/uploads\/2018\/02\/400dpiLogo.png","width":2667,"height":1611,"caption":"DIGIDI - Digitale Dienstleistungen"},"image":{"@id":"https:\/\/www.digidi.cc\/wp\/#\/schema\/logo\/image\/"}}]}},"_links":{"self":[{"href":"https:\/\/www.digidi.cc\/wp\/wp-json\/wp\/v2\/pages\/11","targetHints":{"allow":["GET"]}}],"collection":[{"href":"https:\/\/www.digidi.cc\/wp\/wp-json\/wp\/v2\/pages"}],"about":[{"href":"https:\/\/www.digidi.cc\/wp\/wp-json\/wp\/v2\/types\/page"}],"author":[{"embeddable":true,"href":"https:\/\/www.digidi.cc\/wp\/wp-json\/wp\/v2\/users\/1"}],"replies":[{"embeddable":true,"href":"https:\/\/www.digidi.cc\/wp\/wp-json\/wp\/v2\/comments?post=11"}],"version-history":[{"count":0,"href":"https:\/\/www.digidi.cc\/wp\/wp-json\/wp\/v2\/pages\/11\/revisions"}],"up":[{"embeddable":true,"href":"https:\/\/www.digidi.cc\/wp\/wp-json\/wp\/v2\/pages\/9"}],"wp:attachment":[{"href":"https:\/\/www.digidi.cc\/wp\/wp-json\/wp\/v2\/media?parent=11"}],"curies":[{"name":"wp","href":"https:\/\/api.w.org\/{rel}","templated":true}]}}